{"id":3322,"date":"2025-05-05T17:50:25","date_gmt":"2025-05-05T15:50:25","guid":{"rendered":"https:\/\/restaurants.koutonou.net\/?page_id=3322"},"modified":"2025-05-06T10:33:30","modified_gmt":"2025-05-06T08:33:30","slug":"categories","status":"publish","type":"page","link":"https:\/\/restaurants.koutonou.net\/index.php\/categories\/","title":{"rendered":"Cat\u00e9gories"},"content":{"rendered":"\t\t<div data-elementor-type=\"wp-page\" data-elementor-id=\"3322\" class=\"elementor elementor-3322\">\n\t\t\t\t<div class=\"elementor-element elementor-element-77ca7f3 e-con-full e-flex e-con e-parent\" data-id=\"77ca7f3\" data-element_type=\"container\" data-settings=\"{&quot;background_background&quot;:&quot;slideshow&quot;,&quot;background_slideshow_gallery&quot;:[{&quot;id&quot;:2622,&quot;url&quot;:&quot;http:\\\/\\\/restaurants.koutonou.net\\\/wp-content\\\/uploads\\\/2025\\\/04\\\/4837.jpg&quot;},{&quot;id&quot;:2623,&quot;url&quot;:&quot;http:\\\/\\\/restaurants.koutonou.net\\\/wp-content\\\/uploads\\\/2025\\\/04\\\/2251.jpg&quot;},{&quot;id&quot;:2625,&quot;url&quot;:&quot;http:\\\/\\\/restaurants.koutonou.net\\\/wp-content\\\/uploads\\\/2025\\\/04\\\/2151156212.jpg&quot;}],&quot;background_slideshow_loop&quot;:&quot;yes&quot;,&quot;background_slideshow_slide_duration&quot;:5000,&quot;background_slideshow_slide_transition&quot;:&quot;fade&quot;,&quot;background_slideshow_transition_duration&quot;:500}\">\n\t\t<div class=\"elementor-element elementor-element-f19e241 e-con-full e-flex e-con e-child\" data-id=\"f19e241\" data-element_type=\"container\">\n\t\t\t\t<div class=\"elementor-element elementor-element-0933147 elementor-invisible elementor-widget elementor-widget-text-editor\" data-id=\"0933147\" data-element_type=\"widget\" data-settings=\"{&quot;_animation&quot;:&quot;slideInUp&quot;,&quot;_animation_delay&quot;:200}\" data-widget_type=\"text-editor.default\">\n\t\t\t\t<div class=\"elementor-widget-container\">\n\t\t\t\t\t\t\t\t\t<p>Venez d\u00e9couvrir toutes nos cat\u00e9gories.<\/p>\t\t\t\t\t\t\t\t<\/div>\n\t\t\t\t<\/div>\n\t\t\t\t<\/div>\n\t\t\t\t<\/div>\n\t\t<div class=\"elementor-element elementor-element-4390a7f e-flex e-con-boxed e-con e-parent\" data-id=\"4390a7f\" data-element_type=\"container\">\n\t\t\t\t\t<div class=\"e-con-inner\">\n\t\t<div class=\"elementor-element elementor-element-2d2ad9c e-con-full e-flex e-con e-child\" data-id=\"2d2ad9c\" data-element_type=\"container\">\n\t\t\t\t<div class=\"elementor-element elementor-element-ba8acae elementor-widget elementor-widget-heading\" data-id=\"ba8acae\" data-element_type=\"widget\" data-widget_type=\"heading.default\">\n\t\t\t\t<div class=\"elementor-widget-container\">\n\t\t\t\t\t<h3 class=\"elementor-heading-title elementor-size-default\">Nos cat\u00e9gories de restaurant<\/h3>\t\t\t\t<\/div>\n\t\t\t\t<\/div>\n\t\t\t\t<\/div>\n\t\t\t\t\t<\/div>\n\t\t\t\t<\/div>\n\t\t<div class=\"elementor-element elementor-element-b886dd4 e-flex e-con-boxed e-con e-parent\" data-id=\"b886dd4\" data-element_type=\"container\">\n\t\t\t\t\t<div class=\"e-con-inner\">\n\t\t<div class=\"elementor-element elementor-element-c57049e e-con-full e-transform e-flex elementor-invisible e-con e-child\" data-id=\"c57049e\" data-element_type=\"container\" data-settings=\"{&quot;background_background&quot;:&quot;classic&quot;,&quot;animation&quot;:&quot;fadeInUp&quot;,&quot;_transform_translateY_effect_hover&quot;:{&quot;unit&quot;:&quot;px&quot;,&quot;size&quot;:-10,&quot;sizes&quot;:[]},&quot;_transform_translateX_effect_hover&quot;:{&quot;unit&quot;:&quot;px&quot;,&quot;size&quot;:&quot;&quot;,&quot;sizes&quot;:[]},&quot;_transform_translateX_effect_hover_tablet&quot;:{&quot;unit&quot;:&quot;px&quot;,&quot;size&quot;:&quot;&quot;,&quot;sizes&quot;:[]},&quot;_transform_translateX_effect_hover_mobile&quot;:{&quot;unit&quot;:&quot;px&quot;,&quot;size&quot;:&quot;&quot;,&quot;sizes&quot;:[]},&quot;_transform_translateY_effect_hover_tablet&quot;:{&quot;unit&quot;:&quot;px&quot;,&quot;size&quot;:&quot;&quot;,&quot;sizes&quot;:[]},&quot;_transform_translateY_effect_hover_mobile&quot;:{&quot;unit&quot;:&quot;px&quot;,&quot;size&quot;:&quot;&quot;,&quot;sizes&quot;:[]}}\">\n\t\t\t\t<div class=\"elementor-element elementor-element-5378265 elementor-view-default elementor-position-top elementor-mobile-position-top elementor-widget elementor-widget-icon-box\" data-id=\"5378265\" data-element_type=\"widget\" data-widget_type=\"icon-box.default\">\n\t\t\t\t<div class=\"elementor-widget-container\">\n\t\t\t\t\t\t\t<div class=\"elementor-icon-box-wrapper\">\n\n\t\t\t\t\t\t<div class=\"elementor-icon-box-icon\">\n\t\t\t\t<a href=\"\/index.php\/categorie_restaurant\/asiatique\/\" class=\"elementor-icon\" tabindex=\"-1\" aria-label=\"Asiatique\">\n\t\t\t\t<svg aria-hidden=\"true\" class=\"e-font-icon-svg e-fas-globe-asia\" viewBox=\"0 0 496 512\" xmlns=\"http:\/\/www.w3.org\/2000\/svg\"><path d=\"M248 8C111.03 8 0 119.03 0 256s111.03 248 248 248 248-111.03 248-248S384.97 8 248 8zm-11.34 240.23c-2.89 4.82-8.1 7.77-13.72 7.77h-.31c-4.24 0-8.31 1.69-11.31 4.69l-5.66 5.66c-3.12 3.12-3.12 8.19 0 11.31l5.66 5.66c3 3 4.69 7.07 4.69 11.31V304c0 8.84-7.16 16-16 16h-6.11c-6.06 0-11.6-3.42-14.31-8.85l-22.62-45.23c-2.44-4.88-8.95-5.94-12.81-2.08l-19.47 19.46c-3 3-7.07 4.69-11.31 4.69H50.81C49.12 277.55 48 266.92 48 256c0-110.28 89.72-200 200-200 21.51 0 42.2 3.51 61.63 9.82l-50.16 38.53c-5.11 3.41-4.63 11.06.86 13.81l10.83 5.41c5.42 2.71 8.84 8.25 8.84 14.31V216c0 4.42-3.58 8-8 8h-3.06c-3.03 0-5.8-1.71-7.15-4.42-1.56-3.12-5.96-3.29-7.76-.3l-17.37 28.95zM408 358.43c0 4.24-1.69 8.31-4.69 11.31l-9.57 9.57c-3 3-7.07 4.69-11.31 4.69h-15.16c-4.24 0-8.31-1.69-11.31-4.69l-13.01-13.01a26.767 26.767 0 0 0-25.42-7.04l-21.27 5.32c-1.27.32-2.57.48-3.88.48h-10.34c-4.24 0-8.31-1.69-11.31-4.69l-11.91-11.91a8.008 8.008 0 0 1-2.34-5.66v-10.2c0-3.27 1.99-6.21 5.03-7.43l39.34-15.74c1.98-.79 3.86-1.82 5.59-3.05l23.71-16.89a7.978 7.978 0 0 1 4.64-1.48h12.09c3.23 0 6.15 1.94 7.39 4.93l5.35 12.85a4 4 0 0 0 3.69 2.46h3.8c1.78 0 3.35-1.18 3.84-2.88l4.2-14.47c.5-1.71 2.06-2.88 3.84-2.88h6.06c2.21 0 4 1.79 4 4v12.93c0 2.12.84 4.16 2.34 5.66l11.91 11.91c3 3 4.69 7.07 4.69 11.31v24.6z\"><\/path><\/svg>\t\t\t\t<\/a>\n\t\t\t<\/div>\n\t\t\t\n\t\t\t\t\t\t<div class=\"elementor-icon-box-content\">\n\n\t\t\t\t\t\t\t\t\t<h5 class=\"elementor-icon-box-title\">\n\t\t\t\t\t\t<a href=\"\/index.php\/categorie_restaurant\/asiatique\/\" >\n\t\t\t\t\t\t\tAsiatique\t\t\t\t\t\t<\/a>\n\t\t\t\t\t<\/h5>\n\t\t\t\t\n\t\t\t\t\n\t\t\t<\/div>\n\t\t\t\n\t\t<\/div>\n\t\t\t\t\t\t<\/div>\n\t\t\t\t<\/div>\n\t\t\t\t<\/div>\n\t\t<div class=\"elementor-element elementor-element-8b37f90 e-con-full e-transform e-flex elementor-invisible e-con e-child\" data-id=\"8b37f90\" data-element_type=\"container\" data-settings=\"{&quot;background_background&quot;:&quot;classic&quot;,&quot;animation&quot;:&quot;fadeInUp&quot;,&quot;_transform_translateY_effect_hover&quot;:{&quot;unit&quot;:&quot;px&quot;,&quot;size&quot;:-10,&quot;sizes&quot;:[]},&quot;_transform_translateX_effect_hover&quot;:{&quot;unit&quot;:&quot;px&quot;,&quot;size&quot;:&quot;&quot;,&quot;sizes&quot;:[]},&quot;_transform_translateX_effect_hover_tablet&quot;:{&quot;unit&quot;:&quot;px&quot;,&quot;size&quot;:&quot;&quot;,&quot;sizes&quot;:[]},&quot;_transform_translateX_effect_hover_mobile&quot;:{&quot;unit&quot;:&quot;px&quot;,&quot;size&quot;:&quot;&quot;,&quot;sizes&quot;:[]},&quot;_transform_translateY_effect_hover_tablet&quot;:{&quot;unit&quot;:&quot;px&quot;,&quot;size&quot;:&quot;&quot;,&quot;sizes&quot;:[]},&quot;_transform_translateY_effect_hover_mobile&quot;:{&quot;unit&quot;:&quot;px&quot;,&quot;size&quot;:&quot;&quot;,&quot;sizes&quot;:[]}}\">\n\t\t\t\t<div class=\"elementor-element elementor-element-d01c027 elementor-view-default elementor-position-top elementor-mobile-position-top elementor-widget elementor-widget-icon-box\" data-id=\"d01c027\" data-element_type=\"widget\" data-widget_type=\"icon-box.default\">\n\t\t\t\t<div class=\"elementor-widget-container\">\n\t\t\t\t\t\t\t<div class=\"elementor-icon-box-wrapper\">\n\n\t\t\t\t\t\t<div class=\"elementor-icon-box-icon\">\n\t\t\t\t<a href=\"\/index.php\/categorie_restaurant\/africain\/\" class=\"elementor-icon\" tabindex=\"-1\" aria-label=\"Africains\">\n\t\t\t\t<svg aria-hidden=\"true\" class=\"e-font-icon-svg e-fas-drum\" viewBox=\"0 0 512 512\" xmlns=\"http:\/\/www.w3.org\/2000\/svg\"><path d=\"M431.34 122.05l73.53-47.42a16 16 0 0 0 4.44-22.19l-8.87-13.31a16 16 0 0 0-22.19-4.44l-110.06 71C318.43 96.91 271.22 96 256 96 219.55 96 0 100.55 0 208.15v160.23c0 30.27 27.5 57.68 72 77.86v-101.9a24 24 0 1 1 48 0v118.93c33.05 9.11 71.07 15.06 112 16.73V376.39a24 24 0 1 1 48 0V480c40.93-1.67 78.95-7.62 112-16.73V344.34a24 24 0 1 1 48 0v101.9c44.5-20.18 72-47.59 72-77.86V208.15c0-43.32-35.76-69.76-80.66-86.1zM256 272.24c-114.88 0-208-28.69-208-64.09s93.12-64.08 208-64.08c17.15 0 33.73.71 49.68 1.91l-72.81 47a16 16 0 0 0-4.43 22.19l8.87 13.31a16 16 0 0 0 22.19 4.44l118.64-76.52C430.09 168 464 186.84 464 208.15c0 35.4-93.13 64.09-208 64.09z\"><\/path><\/svg>\t\t\t\t<\/a>\n\t\t\t<\/div>\n\t\t\t\n\t\t\t\t\t\t<div class=\"elementor-icon-box-content\">\n\n\t\t\t\t\t\t\t\t\t<h5 class=\"elementor-icon-box-title\">\n\t\t\t\t\t\t<a href=\"\/index.php\/categorie_restaurant\/africain\/\" >\n\t\t\t\t\t\t\tAfricains\t\t\t\t\t\t<\/a>\n\t\t\t\t\t<\/h5>\n\t\t\t\t\n\t\t\t\t\n\t\t\t<\/div>\n\t\t\t\n\t\t<\/div>\n\t\t\t\t\t\t<\/div>\n\t\t\t\t<\/div>\n\t\t\t\t<\/div>\n\t\t<div class=\"elementor-element elementor-element-443f44f e-con-full e-transform e-flex elementor-invisible e-con e-child\" data-id=\"443f44f\" data-element_type=\"container\" data-settings=\"{&quot;background_background&quot;:&quot;classic&quot;,&quot;animation&quot;:&quot;fadeInUp&quot;,&quot;_transform_translateY_effect_hover&quot;:{&quot;unit&quot;:&quot;px&quot;,&quot;size&quot;:-10,&quot;sizes&quot;:[]},&quot;_transform_translateX_effect_hover&quot;:{&quot;unit&quot;:&quot;px&quot;,&quot;size&quot;:&quot;&quot;,&quot;sizes&quot;:[]},&quot;_transform_translateX_effect_hover_tablet&quot;:{&quot;unit&quot;:&quot;px&quot;,&quot;size&quot;:&quot;&quot;,&quot;sizes&quot;:[]},&quot;_transform_translateX_effect_hover_mobile&quot;:{&quot;unit&quot;:&quot;px&quot;,&quot;size&quot;:&quot;&quot;,&quot;sizes&quot;:[]},&quot;_transform_translateY_effect_hover_tablet&quot;:{&quot;unit&quot;:&quot;px&quot;,&quot;size&quot;:&quot;&quot;,&quot;sizes&quot;:[]},&quot;_transform_translateY_effect_hover_mobile&quot;:{&quot;unit&quot;:&quot;px&quot;,&quot;size&quot;:&quot;&quot;,&quot;sizes&quot;:[]}}\">\n\t\t\t\t<div class=\"elementor-element elementor-element-a9bf68d elementor-view-default elementor-position-top elementor-mobile-position-top elementor-widget elementor-widget-icon-box\" data-id=\"a9bf68d\" data-element_type=\"widget\" data-widget_type=\"icon-box.default\">\n\t\t\t\t<div class=\"elementor-widget-container\">\n\t\t\t\t\t\t\t<div class=\"elementor-icon-box-wrapper\">\n\n\t\t\t\t\t\t<div class=\"elementor-icon-box-icon\">\n\t\t\t\t<a href=\"\/index.php\/categorie_restaurant\/europeens\/\" class=\"elementor-icon\" tabindex=\"-1\" aria-label=\"Europ\u00e9ens\">\n\t\t\t\t<svg aria-hidden=\"true\" class=\"e-font-icon-svg e-fab-fort-awesome\" viewBox=\"0 0 512 512\" xmlns=\"http:\/\/www.w3.org\/2000\/svg\"><path d=\"M489.2 287.9h-27.4c-2.6 0-4.6 2-4.6 4.6v32h-36.6V146.2c0-2.6-2-4.6-4.6-4.6h-27.4c-2.6 0-4.6 2-4.6 4.6v32h-36.6v-32c0-2.6-2-4.6-4.6-4.6h-27.4c-2.6 0-4.6 2-4.6 4.6v32h-36.6v-32c0-6-8-4.6-11.7-4.6v-38c8.3-2 17.1-3.4 25.7-3.4 10.9 0 20.9 4.3 31.4 4.3 4.6 0 27.7-1.1 27.7-8v-60c0-2.6-2-4.6-4.6-4.6-5.1 0-15.1 4.3-24 4.3-9.7 0-20.9-4.3-32.6-4.3-8 0-16 1.1-23.7 2.9v-4.9c5.4-2.6 9.1-8.3 9.1-14.3 0-20.7-31.4-20.8-31.4 0 0 6 3.7 11.7 9.1 14.3v111.7c-3.7 0-11.7-1.4-11.7 4.6v32h-36.6v-32c0-2.6-2-4.6-4.6-4.6h-27.4c-2.6 0-4.6 2-4.6 4.6v32H128v-32c0-2.6-2-4.6-4.6-4.6H96c-2.6 0-4.6 2-4.6 4.6v178.3H54.8v-32c0-2.6-2-4.6-4.6-4.6H22.8c-2.6 0-4.6 2-4.6 4.6V512h182.9v-96c0-72.6 109.7-72.6 109.7 0v96h182.9V292.5c.1-2.6-1.9-4.6-4.5-4.6zm-288.1-4.5c0 2.6-2 4.6-4.6 4.6h-27.4c-2.6 0-4.6-2-4.6-4.6v-64c0-2.6 2-4.6 4.6-4.6h27.4c2.6 0 4.6 2 4.6 4.6v64zm146.4 0c0 2.6-2 4.6-4.6 4.6h-27.4c-2.6 0-4.6-2-4.6-4.6v-64c0-2.6 2-4.6 4.6-4.6h27.4c2.6 0 4.6 2 4.6 4.6v64z\"><\/path><\/svg>\t\t\t\t<\/a>\n\t\t\t<\/div>\n\t\t\t\n\t\t\t\t\t\t<div class=\"elementor-icon-box-content\">\n\n\t\t\t\t\t\t\t\t\t<h5 class=\"elementor-icon-box-title\">\n\t\t\t\t\t\t<a href=\"\/index.php\/categorie_restaurant\/europeens\/\" >\n\t\t\t\t\t\t\tEurop\u00e9ens\t\t\t\t\t\t<\/a>\n\t\t\t\t\t<\/h5>\n\t\t\t\t\n\t\t\t\t\n\t\t\t<\/div>\n\t\t\t\n\t\t<\/div>\n\t\t\t\t\t\t<\/div>\n\t\t\t\t<\/div>\n\t\t\t\t<\/div>\n\t\t<div class=\"elementor-element elementor-element-f12dfc0 e-con-full e-transform e-flex elementor-invisible e-con e-child\" data-id=\"f12dfc0\" data-element_type=\"container\" data-settings=\"{&quot;background_background&quot;:&quot;classic&quot;,&quot;animation&quot;:&quot;fadeInUp&quot;,&quot;_transform_translateY_effect_hover&quot;:{&quot;unit&quot;:&quot;px&quot;,&quot;size&quot;:-10,&quot;sizes&quot;:[]},&quot;_transform_translateX_effect_hover&quot;:{&quot;unit&quot;:&quot;px&quot;,&quot;size&quot;:&quot;&quot;,&quot;sizes&quot;:[]},&quot;_transform_translateX_effect_hover_tablet&quot;:{&quot;unit&quot;:&quot;px&quot;,&quot;size&quot;:&quot;&quot;,&quot;sizes&quot;:[]},&quot;_transform_translateX_effect_hover_mobile&quot;:{&quot;unit&quot;:&quot;px&quot;,&quot;size&quot;:&quot;&quot;,&quot;sizes&quot;:[]},&quot;_transform_translateY_effect_hover_tablet&quot;:{&quot;unit&quot;:&quot;px&quot;,&quot;size&quot;:&quot;&quot;,&quot;sizes&quot;:[]},&quot;_transform_translateY_effect_hover_mobile&quot;:{&quot;unit&quot;:&quot;px&quot;,&quot;size&quot;:&quot;&quot;,&quot;sizes&quot;:[]}}\">\n\t\t\t\t<div class=\"elementor-element elementor-element-251aba8 elementor-view-default elementor-position-top elementor-mobile-position-top elementor-widget elementor-widget-icon-box\" data-id=\"251aba8\" data-element_type=\"widget\" data-widget_type=\"icon-box.default\">\n\t\t\t\t<div class=\"elementor-widget-container\">\n\t\t\t\t\t\t\t<div class=\"elementor-icon-box-wrapper\">\n\n\t\t\t\t\t\t<div class=\"elementor-icon-box-icon\">\n\t\t\t\t<a href=\"\/index.php\/categorie_restaurant\/street-food\/\" class=\"elementor-icon\" tabindex=\"-1\" aria-label=\"Street food\">\n\t\t\t\t<svg aria-hidden=\"true\" class=\"e-font-icon-svg e-fas-hamburger\" viewBox=\"0 0 512 512\" xmlns=\"http:\/\/www.w3.org\/2000\/svg\"><path d=\"M464 256H48a48 48 0 0 0 0 96h416a48 48 0 0 0 0-96zm16 128H32a16 16 0 0 0-16 16v16a64 64 0 0 0 64 64h352a64 64 0 0 0 64-64v-16a16 16 0 0 0-16-16zM58.64 224h394.72c34.57 0 54.62-43.9 34.82-75.88C448 83.2 359.55 32.1 256 32c-103.54.1-192 51.2-232.18 116.11C4 180.09 24.07 224 58.64 224zM384 112a16 16 0 1 1-16 16 16 16 0 0 1 16-16zM256 80a16 16 0 1 1-16 16 16 16 0 0 1 16-16zm-128 32a16 16 0 1 1-16 16 16 16 0 0 1 16-16z\"><\/path><\/svg>\t\t\t\t<\/a>\n\t\t\t<\/div>\n\t\t\t\n\t\t\t\t\t\t<div class=\"elementor-icon-box-content\">\n\n\t\t\t\t\t\t\t\t\t<h5 class=\"elementor-icon-box-title\">\n\t\t\t\t\t\t<a href=\"\/index.php\/categorie_restaurant\/street-food\/\" >\n\t\t\t\t\t\t\tStreet food\t\t\t\t\t\t<\/a>\n\t\t\t\t\t<\/h5>\n\t\t\t\t\n\t\t\t\t\n\t\t\t<\/div>\n\t\t\t\n\t\t<\/div>\n\t\t\t\t\t\t<\/div>\n\t\t\t\t<\/div>\n\t\t\t\t<\/div>\n\t\t<div class=\"elementor-element elementor-element-f979654 e-con-full e-transform e-flex elementor-invisible e-con e-child\" data-id=\"f979654\" data-element_type=\"container\" data-settings=\"{&quot;background_background&quot;:&quot;classic&quot;,&quot;animation&quot;:&quot;fadeInUp&quot;,&quot;_transform_translateY_effect_hover&quot;:{&quot;unit&quot;:&quot;px&quot;,&quot;size&quot;:-10,&quot;sizes&quot;:[]},&quot;_transform_translateX_effect_hover&quot;:{&quot;unit&quot;:&quot;px&quot;,&quot;size&quot;:&quot;&quot;,&quot;sizes&quot;:[]},&quot;_transform_translateX_effect_hover_tablet&quot;:{&quot;unit&quot;:&quot;px&quot;,&quot;size&quot;:&quot;&quot;,&quot;sizes&quot;:[]},&quot;_transform_translateX_effect_hover_mobile&quot;:{&quot;unit&quot;:&quot;px&quot;,&quot;size&quot;:&quot;&quot;,&quot;sizes&quot;:[]},&quot;_transform_translateY_effect_hover_tablet&quot;:{&quot;unit&quot;:&quot;px&quot;,&quot;size&quot;:&quot;&quot;,&quot;sizes&quot;:[]},&quot;_transform_translateY_effect_hover_mobile&quot;:{&quot;unit&quot;:&quot;px&quot;,&quot;size&quot;:&quot;&quot;,&quot;sizes&quot;:[]}}\">\n\t\t\t\t<div class=\"elementor-element elementor-element-232a197 elementor-view-default elementor-position-top elementor-mobile-position-top elementor-widget elementor-widget-icon-box\" data-id=\"232a197\" data-element_type=\"widget\" data-widget_type=\"icon-box.default\">\n\t\t\t\t<div class=\"elementor-widget-container\">\n\t\t\t\t\t\t\t<div class=\"elementor-icon-box-wrapper\">\n\n\t\t\t\t\t\t<div class=\"elementor-icon-box-icon\">\n\t\t\t\t<a href=\"\/index.php\/categorie_restaurant\/africain\/\" class=\"elementor-icon\" tabindex=\"-1\" aria-label=\"P\u00e2tisserie\">\n\t\t\t\t<svg aria-hidden=\"true\" class=\"e-font-icon-svg e-fas-birthday-cake\" viewBox=\"0 0 448 512\" xmlns=\"http:\/\/www.w3.org\/2000\/svg\"><path d=\"M448 384c-28.02 0-31.26-32-74.5-32-43.43 0-46.825 32-74.75 32-27.695 0-31.454-32-74.75-32-42.842 0-47.218 32-74.5 32-28.148 0-31.202-32-74.75-32-43.547 0-46.653 32-74.75 32v-80c0-26.5 21.5-48 48-48h16V112h64v144h64V112h64v144h64V112h64v144h16c26.5 0 48 21.5 48 48v80zm0 128H0v-96c43.356 0 46.767-32 74.75-32 27.951 0 31.253 32 74.75 32 42.843 0 47.217-32 74.5-32 28.148 0 31.201 32 74.75 32 43.357 0 46.767-32 74.75-32 27.488 0 31.252 32 74.5 32v96zM96 96c-17.75 0-32-14.25-32-32 0-31 32-23 32-64 12 0 32 29.5 32 56s-14.25 40-32 40zm128 0c-17.75 0-32-14.25-32-32 0-31 32-23 32-64 12 0 32 29.5 32 56s-14.25 40-32 40zm128 0c-17.75 0-32-14.25-32-32 0-31 32-23 32-64 12 0 32 29.5 32 56s-14.25 40-32 40z\"><\/path><\/svg>\t\t\t\t<\/a>\n\t\t\t<\/div>\n\t\t\t\n\t\t\t\t\t\t<div class=\"elementor-icon-box-content\">\n\n\t\t\t\t\t\t\t\t\t<h5 class=\"elementor-icon-box-title\">\n\t\t\t\t\t\t<a href=\"\/index.php\/categorie_restaurant\/africain\/\" >\n\t\t\t\t\t\t\tP\u00e2tisserie\t\t\t\t\t\t<\/a>\n\t\t\t\t\t<\/h5>\n\t\t\t\t\n\t\t\t\t\n\t\t\t<\/div>\n\t\t\t\n\t\t<\/div>\n\t\t\t\t\t\t<\/div>\n\t\t\t\t<\/div>\n\t\t\t\t<\/div>\n\t\t\t\t\t<\/div>\n\t\t\t\t<\/div>\n\t\t\t\t<\/div>\n\t\t","protected":false},"excerpt":{"rendered":"<p>Venez d\u00e9couvrir toutes nos cat\u00e9gories. Nos cat\u00e9gories de restaurant Asiatique Africains Europ\u00e9ens Street food P\u00e2tisserie<\/p>\n","protected":false},"author":2,"featured_media":0,"parent":0,"menu_order":0,"comment_status":"closed","ping_status":"closed","template":"elementor_header_footer","meta":{"_acf_changed":false,"footnotes":""},"class_list":["post-3322","page","type-page","status-publish","hentry"],"acf":[],"aioseo_notices":[],"jetpack_sharing_enabled":true,"_links":{"self":[{"href":"https:\/\/restaurants.koutonou.net\/index.php\/wp-json\/wp\/v2\/pages\/3322","targetHints":{"allow":["GET"]}}],"collection":[{"href":"https:\/\/restaurants.koutonou.net\/index.php\/wp-json\/wp\/v2\/pages"}],"about":[{"href":"https:\/\/restaurants.koutonou.net\/index.php\/wp-json\/wp\/v2\/types\/page"}],"author":[{"embeddable":true,"href":"https:\/\/restaurants.koutonou.net\/index.php\/wp-json\/wp\/v2\/users\/2"}],"replies":[{"embeddable":true,"href":"https:\/\/restaurants.koutonou.net\/index.php\/wp-json\/wp\/v2\/comments?post=3322"}],"version-history":[{"count":19,"href":"https:\/\/restaurants.koutonou.net\/index.php\/wp-json\/wp\/v2\/pages\/3322\/revisions"}],"predecessor-version":[{"id":3349,"href":"https:\/\/restaurants.koutonou.net\/index.php\/wp-json\/wp\/v2\/pages\/3322\/revisions\/3349"}],"wp:attachment":[{"href":"https:\/\/restaurants.koutonou.net\/index.php\/wp-json\/wp\/v2\/media?parent=3322"}],"curies":[{"name":"wp","href":"https:\/\/api.w.org\/{rel}","templated":true}]}}