{"id":3,"date":"2025-04-12T15:20:32","date_gmt":"2025-04-12T13:20:32","guid":{"rendered":"http:\/\/restaurants.koutonou.net\/?page_id=3"},"modified":"2025-04-18T17:14:47","modified_gmt":"2025-04-18T15:14:47","slug":"politique-de-confidentialite","status":"publish","type":"page","link":"https:\/\/restaurants.koutonou.net\/index.php\/politique-de-confidentialite\/","title":{"rendered":"Politique de confidentialit\u00e9"},"content":{"rendered":"\t\t<div data-elementor-type=\"wp-page\" data-elementor-id=\"3\" class=\"elementor elementor-3\">\n\t\t\t\t<div class=\"elementor-element elementor-element-f56cd95 e-con-full e-flex e-con e-parent\" data-id=\"f56cd95\" data-element_type=\"container\" data-settings=\"{&quot;background_background&quot;:&quot;classic&quot;}\">\n\t\t<div class=\"elementor-element elementor-element-57a8fff e-con-full e-flex e-con e-child\" data-id=\"57a8fff\" data-element_type=\"container\">\n\t\t\t\t<div class=\"elementor-element elementor-element-a63f574 elementor-invisible elementor-widget elementor-widget-text-editor\" data-id=\"a63f574\" data-element_type=\"widget\" data-settings=\"{&quot;_animation&quot;:&quot;slideInUp&quot;,&quot;_animation_delay&quot;:200}\" data-widget_type=\"text-editor.default\">\n\t\t\t\t<div class=\"elementor-widget-container\">\n\t\t\t\t\t\t\t\t\t<p>Politique de Confidentialit\u00e9. <\/p>\t\t\t\t\t\t\t\t<\/div>\n\t\t\t\t<\/div>\n\t\t\t\t<div class=\"elementor-element elementor-element-44aae01 elementor-widget elementor-widget-text-editor\" data-id=\"44aae01\" data-element_type=\"widget\" data-widget_type=\"text-editor.default\">\n\t\t\t\t<div class=\"elementor-widget-container\">\n\t\t\t\t\t\t\t\t\t<p>Quelles est notre politique de confidentialit\u00e9? Vous en saurez plus ici.<\/p>\t\t\t\t\t\t\t\t<\/div>\n\t\t\t\t<\/div>\n\t\t\t\t<\/div>\n\t\t\t\t<\/div>\n\t\t<div class=\"elementor-element elementor-element-f9d388d e-flex e-con-boxed e-con e-parent\" data-id=\"f9d388d\" data-element_type=\"container\">\n\t\t\t\t\t<div class=\"e-con-inner\">\n\t\t<div class=\"elementor-element elementor-element-76836cd e-con-full e-flex e-con e-child\" data-id=\"76836cd\" data-element_type=\"container\" data-settings=\"{&quot;background_background&quot;:&quot;classic&quot;}\">\n\t\t\t\t<div class=\"elementor-element elementor-element-e1835ed elementor-widget__width-initial elementor-widget elementor-widget-text-editor\" data-id=\"e1835ed\" data-element_type=\"widget\" data-widget_type=\"text-editor.default\">\n\t\t\t\t<div class=\"elementor-widget-container\">\n\t\t\t\t\t\t\t\t\t<p>Chez Restaurant Koutonou, la protection de vos donn\u00e9es personnelles est une priorit\u00e9. Cette politique de confidentialit\u00e9 vous informe sur la mani\u00e8re dont nous collectons, utilisons et prot\u00e9geons vos informations<\/p>\t\t\t\t\t\t\t\t<\/div>\n\t\t\t\t<\/div>\n\t\t\t\t<\/div>\n\t\t\t\t\t<\/div>\n\t\t\t\t<\/div>\n\t\t<div class=\"elementor-element elementor-element-fb1aa91 e-con-full e-flex e-con e-parent\" data-id=\"fb1aa91\" data-element_type=\"container\">\n\t\t<div class=\"elementor-element elementor-element-ba1253b e-con-full e-flex e-con e-child\" data-id=\"ba1253b\" data-element_type=\"container\">\n\t\t\t\t<div class=\"elementor-element elementor-element-8ce8e89 elementor-widget elementor-widget-text-editor\" data-id=\"8ce8e89\" data-element_type=\"widget\" data-widget_type=\"text-editor.default\">\n\t\t\t\t<div class=\"elementor-widget-container\">\n\t\t\t\t\t\t\t\t\t<h2 class=\"\" data-start=\"273\" data-end=\"298\">Notre politique<\/h2>\n<p class=\"\" data-start=\"299\" data-end=\"356\"><strong data-start=\"299\" data-end=\"356\">Chez Restaurant Koutonou, nous somme \u00e0 respectueux de vos donn\u00e9es personnelles.<\/strong><\/p>\t\t\t\t\t\t\t\t<\/div>\n\t\t\t\t<\/div>\n\t\t\t\t<\/div>\n\t\t\t\t<\/div>\n\t\t<div class=\"elementor-element elementor-element-3caa8b3 e-flex e-con-boxed e-con e-parent\" data-id=\"3caa8b3\" data-element_type=\"container\">\n\t\t\t\t\t<div class=\"e-con-inner\">\n\t\t<div class=\"elementor-element elementor-element-892f9b1 e-con-full e-flex e-con e-child\" data-id=\"892f9b1\" data-element_type=\"container\">\n\t\t\t\t<div class=\"elementor-element elementor-element-aa216ac elementor-widget elementor-widget-text-editor\" data-id=\"aa216ac\" data-element_type=\"widget\" data-widget_type=\"text-editor.default\">\n\t\t\t\t<div class=\"elementor-widget-container\">\n\t\t\t\t\t\t\t\t\t<h3 class=\"\" data-start=\"529\" data-end=\"557\">\ud83d\udccb Donn\u00e9es collect\u00e9es<\/h3>\n<p class=\"\" data-start=\"559\" data-end=\"717\">Lorsque vous utilisez notre site (formulaire de r\u00e9servation, formulaire de contact, commande \u00e0 emporter\u2026), nous pouvons collecter les informations suivantes :<\/p>\n<ul data-start=\"719\" data-end=\"894\">\n<li class=\"\" data-start=\"719\" data-end=\"742\">\n<p class=\"\" data-start=\"721\" data-end=\"742\">Votre nom et pr\u00e9nom<\/p>\n<\/li>\n<li class=\"\" data-start=\"743\" data-end=\"772\">\n<p class=\"\" data-start=\"745\" data-end=\"772\">Votre num\u00e9ro de t\u00e9l\u00e9phone<\/p>\n<\/li>\n<li class=\"\" data-start=\"773\" data-end=\"797\">\n<p class=\"\" data-start=\"775\" data-end=\"797\">Votre adresse e-mail<\/p>\n<\/li>\n<li class=\"\" data-start=\"798\" data-end=\"835\">\n<p class=\"\" data-start=\"800\" data-end=\"835\">La date et l\u2019heure de r\u00e9servation<\/p>\n<\/li>\n<li class=\"\" data-start=\"836\" data-end=\"894\">\n<p class=\"\" data-start=\"838\" data-end=\"894\">Toute information volontairement fournie dans un message<\/p>\n<\/li>\n<\/ul>\t\t\t\t\t\t\t\t<\/div>\n\t\t\t\t<\/div>\n\t\t\t\t<\/div>\n\t\t<div class=\"elementor-element elementor-element-8d842a3 e-con-full e-flex e-con e-child\" data-id=\"8d842a3\" data-element_type=\"container\">\n\t\t\t\t<div class=\"elementor-element elementor-element-432d509 elementor-widget elementor-widget-text-editor\" data-id=\"432d509\" data-element_type=\"widget\" data-widget_type=\"text-editor.default\">\n\t\t\t\t<div class=\"elementor-widget-container\">\n\t\t\t\t\t\t\t\t\t<h3 class=\"\" data-start=\"901\" data-end=\"935\">\ud83d\udee1\ufe0f Utilisation des donn\u00e9es<\/h3>\n<p class=\"\" data-start=\"937\" data-end=\"995\">Les donn\u00e9es collect\u00e9es sont utilis\u00e9es exclusivement pour :<\/p>\n<ul data-start=\"997\" data-end=\"1220\">\n<li class=\"\" data-start=\"997\" data-end=\"1036\">\n<p class=\"\" data-start=\"999\" data-end=\"1036\">Confirmer ou g\u00e9rer vos r\u00e9servations<\/p>\n<\/li>\n<li class=\"\" data-start=\"1037\" data-end=\"1075\">\n<p class=\"\" data-start=\"1039\" data-end=\"1075\">R\u00e9pondre \u00e0 vos demandes de contact<\/p>\n<\/li>\n<li class=\"\" data-start=\"1076\" data-end=\"1130\">\n<p class=\"\" data-start=\"1078\" data-end=\"1130\">Vous informer en cas de changement ou d\u2019annulation<\/p>\n<\/li>\n<li class=\"\" data-start=\"1131\" data-end=\"1220\">\n<p class=\"\" data-start=\"1133\" data-end=\"1220\">Vous envoyer des offres sp\u00e9ciales ou actualit\u00e9s du restaurant (si vous y avez consenti)<\/p>\n<\/li>\n<\/ul>\t\t\t\t\t\t\t\t<\/div>\n\t\t\t\t<\/div>\n\t\t\t\t<\/div>\n\t\t<div class=\"elementor-element elementor-element-4db4e8d e-con-full e-flex e-con e-child\" data-id=\"4db4e8d\" data-element_type=\"container\">\n\t\t\t\t<div class=\"elementor-element elementor-element-544c787 elementor-widget elementor-widget-text-editor\" data-id=\"544c787\" data-element_type=\"widget\" data-widget_type=\"text-editor.default\">\n\t\t\t\t<div class=\"elementor-widget-container\">\n\t\t\t\t\t\t\t\t\t<h3 class=\"\" data-start=\"1227\" data-end=\"1256\">\ud83d\udce4 Partage des donn\u00e9es<\/h3>\n<p class=\"\" data-start=\"1258\" data-end=\"1376\">Nous ne vendons, louons ou partageons <strong data-start=\"1296\" data-end=\"1306\">jamais<\/strong> vos donn\u00e9es personnelles avec des tiers, sauf dans les cas suivants :<\/p>\n<ul data-start=\"1378\" data-end=\"1524\">\n<li class=\"\" data-start=\"1378\" data-end=\"1439\">\n<p class=\"\" data-start=\"1380\" data-end=\"1439\">Obligation l\u00e9gale (autorit\u00e9 judiciaire ou administrative)<\/p>\n<\/li>\n<li class=\"\" data-start=\"1440\" data-end=\"1524\">\n<p class=\"\" data-start=\"1442\" data-end=\"1524\">Prestataire de service technique (h\u00e9bergeur du site) respectant la confidentialit\u00e9<\/p>\n<\/li>\n<\/ul>\t\t\t\t\t\t\t\t<\/div>\n\t\t\t\t<\/div>\n\t\t\t\t<\/div>\n\t\t<div class=\"elementor-element elementor-element-70dbf59 e-con-full e-flex e-con e-child\" data-id=\"70dbf59\" data-element_type=\"container\">\n\t\t\t\t<div class=\"elementor-element elementor-element-df259dd elementor-widget elementor-widget-text-editor\" data-id=\"df259dd\" data-element_type=\"widget\" data-widget_type=\"text-editor.default\">\n\t\t\t\t<div class=\"elementor-widget-container\">\n\t\t\t\t\t\t\t\t\t<h3 class=\"\" data-start=\"2056\" data-end=\"2076\">\u2699\ufe0f Vos droits<\/h3>\n<p class=\"\" data-start=\"2078\" data-end=\"2165\">Conform\u00e9ment \u00e0 la r\u00e9glementation en vigueur (RGPD), vous disposez des droits suivants :<\/p>\n<ul data-start=\"2167\" data-end=\"2344\">\n<li class=\"\" data-start=\"2167\" data-end=\"2235\">\n<p class=\"\" data-start=\"2169\" data-end=\"2235\">Droit d\u2019acc\u00e8s, de rectification ou de suppression de vos donn\u00e9es<\/p>\n<\/li>\n<li class=\"\" data-start=\"2236\" data-end=\"2289\">\n<p class=\"\" data-start=\"2238\" data-end=\"2289\">Droit d\u2019opposition ou de limitation du traitement<\/p>\n<\/li>\n<li class=\"\" data-start=\"2290\" data-end=\"2344\">\n<p class=\"\" data-start=\"2292\" data-end=\"2344\">Droit de retrait de votre consentement \u00e0 tout moment<\/p>\n<\/li>\n<\/ul>\n<p class=\"\" data-start=\"2346\" data-end=\"2405\">\ud83d\udce7 Pour exercer vos droits : <strong data-start=\"2375\" data-end=\"2405\"><a rel=\"noopener\" data-start=\"2377\" data-end=\"2403\">contact@koutonou-resto.com<\/a><\/strong><\/p>\t\t\t\t\t\t\t\t<\/div>\n\t\t\t\t<\/div>\n\t\t\t\t<\/div>\n\t\t<div class=\"elementor-element elementor-element-18da724 e-con-full e-flex e-con e-child\" data-id=\"18da724\" data-element_type=\"container\">\n\t\t\t\t<div class=\"elementor-element elementor-element-8f37a43 elementor-widget elementor-widget-text-editor\" data-id=\"8f37a43\" data-element_type=\"widget\" data-widget_type=\"text-editor.default\">\n\t\t\t\t<div class=\"elementor-widget-container\">\n\t\t\t\t\t\t\t\t\t<h3 class=\"\" data-start=\"1531\" data-end=\"1549\">\ud83d\udd10 S\u00e9curit\u00e9<\/h3>\n<p class=\"\" data-start=\"1551\" data-end=\"1712\">Nous mettons en \u0153uvre des mesures de s\u00e9curit\u00e9 techniques et organisationnelles pour prot\u00e9ger vos donn\u00e9es contre la perte, l&#8217;acc\u00e8s non autoris\u00e9 ou la divulgation.<\/p>\t\t\t\t\t\t\t\t<\/div>\n\t\t\t\t<\/div>\n\t\t\t\t<div class=\"elementor-element elementor-element-95c08f6 elementor-widget elementor-widget-text-editor\" data-id=\"95c08f6\" data-element_type=\"widget\" data-widget_type=\"text-editor.default\">\n\t\t\t\t<div class=\"elementor-widget-container\">\n\t\t\t\t\t\t\t\t\t<hr class=\"\" data-start=\"2868\" data-end=\"2871\" \/>\n<blockquote data-start=\"2873\" data-end=\"2955\">\n<h3 class=\"\" data-start=\"2412\" data-end=\"2429\">\ud83c\udf6a Cookies<\/h3>\n<p class=\"\" data-start=\"2431\" data-end=\"2636\">Notre site peut utiliser des cookies pour am\u00e9liorer votre navigation (ex : m\u00e9morisation des champs de formulaire). Vous pouvez \u00e0 tout moment refuser leur utilisation via les param\u00e8tres de votre navigateur.<\/p>\n<\/blockquote>\t\t\t\t\t\t\t\t<\/div>\n\t\t\t\t<\/div>\n\t\t\t\t<\/div>\n\t\t\t\t\t<\/div>\n\t\t\t\t<\/div>\n\t\t\t\t<\/div>\n\t\t","protected":false},"excerpt":{"rendered":"<p>Politique de Confidentialit\u00e9. Quelles est notre politique de confidentialit\u00e9? Vous en saurez plus ici. Chez Restaurant Koutonou, la protection de vos donn\u00e9es personnelles est une priorit\u00e9. Cette politique de confidentialit\u00e9 vous informe sur la mani\u00e8re dont nous collectons, utilisons et prot\u00e9geons vos informations Notre politique Chez Restaurant Koutonou, nous somme \u00e0 respectueux de vos donn\u00e9es [&hellip;]<\/p>\n","protected":false},"author":1,"featured_media":0,"parent":0,"menu_order":0,"comment_status":"closed","ping_status":"open","template":"elementor_header_footer","meta":{"_acf_changed":false,"footnotes":""},"class_list":["post-3","page","type-page","status-publish","hentry"],"acf":[],"aioseo_notices":[],"jetpack_sharing_enabled":true,"_links":{"self":[{"href":"https:\/\/restaurants.koutonou.net\/index.php\/wp-json\/wp\/v2\/pages\/3","targetHints":{"allow":["GET"]}}],"collection":[{"href":"https:\/\/restaurants.koutonou.net\/index.php\/wp-json\/wp\/v2\/pages"}],"about":[{"href":"https:\/\/restaurants.koutonou.net\/index.php\/wp-json\/wp\/v2\/types\/page"}],"author":[{"embeddable":true,"href":"https:\/\/restaurants.koutonou.net\/index.php\/wp-json\/wp\/v2\/users\/1"}],"replies":[{"embeddable":true,"href":"https:\/\/restaurants.koutonou.net\/index.php\/wp-json\/wp\/v2\/comments?post=3"}],"version-history":[{"count":4,"href":"https:\/\/restaurants.koutonou.net\/index.php\/wp-json\/wp\/v2\/pages\/3\/revisions"}],"predecessor-version":[{"id":3484,"href":"https:\/\/restaurants.koutonou.net\/index.php\/wp-json\/wp\/v2\/pages\/3\/revisions\/3484"}],"wp:attachment":[{"href":"https:\/\/restaurants.koutonou.net\/index.php\/wp-json\/wp\/v2\/media?parent=3"}],"curies":[{"name":"wp","href":"https:\/\/api.w.org\/{rel}","templated":true}]}}