{"id":2508,"date":"2025-04-12T13:42:31","date_gmt":"2021-03-09T09:03:37","guid":{"rendered":"http:\/\/restaurants.koutonou.net\/index.php\/about-us-2\/"},"modified":"2025-05-02T12:53:21","modified_gmt":"2025-05-02T10:53:21","slug":"about-us-2","status":"publish","type":"page","link":"https:\/\/restaurants.koutonou.net\/index.php\/about-us-2\/","title":{"rendered":"A propos"},"content":{"rendered":"\t\t<div data-elementor-type=\"wp-page\" data-elementor-id=\"2508\" class=\"elementor elementor-2508\">\n\t\t\t\t<div class=\"elementor-element elementor-element-02dd5a5 e-con-full e-flex e-con e-parent\" data-id=\"02dd5a5\" data-element_type=\"container\" data-settings=\"{&quot;background_background&quot;:&quot;classic&quot;}\">\n\t\t<div class=\"elementor-element elementor-element-bb18eb4 e-con-full e-flex e-con e-child\" data-id=\"bb18eb4\" data-element_type=\"container\">\n\t\t\t\t<div class=\"elementor-element elementor-element-955f94e elementor-invisible elementor-widget elementor-widget-text-editor\" data-id=\"955f94e\" data-element_type=\"widget\" data-settings=\"{&quot;_animation&quot;:&quot;slideInUp&quot;,&quot;_animation_delay&quot;:200}\" data-widget_type=\"text-editor.default\">\n\t\t\t\t<div class=\"elementor-widget-container\">\n\t\t\t\t\t\t\t\t\t<p>A propos de nous<\/p>\t\t\t\t\t\t\t\t<\/div>\n\t\t\t\t<\/div>\n\t\t\t\t<div class=\"elementor-element elementor-element-7c34866 elementor-widget elementor-widget-text-editor\" data-id=\"7c34866\" data-element_type=\"widget\" data-widget_type=\"text-editor.default\">\n\t\t\t\t<div class=\"elementor-widget-container\">\n\t\t\t\t\t\t\t\t\t<p>Venez d\u00e9couvrir un peu plus sur notre restaurant et notre fantastique \u00e9quipe.<\/p>\t\t\t\t\t\t\t\t<\/div>\n\t\t\t\t<\/div>\n\t\t\t\t<\/div>\n\t\t\t\t<\/div>\n\t\t<div class=\"elementor-element elementor-element-62f48ed e-flex e-con-boxed e-con e-parent\" data-id=\"62f48ed\" data-element_type=\"container\">\n\t\t\t\t\t<div class=\"e-con-inner\">\n\t\t<div class=\"elementor-element elementor-element-9e0d63c e-con-full e-flex e-con e-child\" data-id=\"9e0d63c\" data-element_type=\"container\">\n\t\t\t\t<div class=\"elementor-element elementor-element-35e14bc elementor-widget__width-initial elementor-widget elementor-widget-counter\" data-id=\"35e14bc\" data-element_type=\"widget\" data-widget_type=\"counter.default\">\n\t\t\t\t<div class=\"elementor-widget-container\">\n\t\t\t\t\t\t\t<div class=\"elementor-counter\">\n\t\t\t\t\t\t<div class=\"elementor-counter-number-wrapper\">\n\t\t\t\t<span class=\"elementor-counter-number-prefix\"><\/span>\n\t\t\t\t<span class=\"elementor-counter-number\" data-duration=\"2000\" data-to-value=\"10\" data-from-value=\"0\" data-delimiter=\",\">0<\/span>\n\t\t\t\t<span class=\"elementor-counter-number-suffix\"><\/span>\n\t\t\t<\/div>\n\t\t<\/div>\n\t\t\t\t\t\t<\/div>\n\t\t\t\t<\/div>\n\t\t\t\t<div class=\"elementor-element elementor-element-ce99f60 elementor-widget elementor-widget-heading\" data-id=\"ce99f60\" data-element_type=\"widget\" data-widget_type=\"heading.default\">\n\t\t\t\t<div class=\"elementor-widget-container\">\n\t\t\t\t\t<h4 class=\"elementor-heading-title elementor-size-default\">Ans d'exp\u00e9riences<\/h4>\t\t\t\t<\/div>\n\t\t\t\t<\/div>\n\t\t\t\t<div class=\"elementor-element elementor-element-c528543 elementor-widget elementor-widget-text-editor\" data-id=\"c528543\" data-element_type=\"widget\" data-widget_type=\"text-editor.default\">\n\t\t\t\t<div class=\"elementor-widget-container\">\n\t\t\t\t\t\t\t\t\t<p>Fond\u00e9 il y a quelques ann\u00e9es. Restaurant Koutonou a \u00e9t\u00e9 fond\u00e9 pour rassembler \u00e0 un endroit les meilleurs restaurants du pays.<\/p>\t\t\t\t\t\t\t\t<\/div>\n\t\t\t\t<\/div>\n\t\t\t\t<\/div>\n\t\t<div class=\"elementor-element elementor-element-9307b86 e-con-full e-flex e-con e-child\" data-id=\"9307b86\" data-element_type=\"container\">\n\t\t\t\t<div class=\"elementor-element elementor-element-16f04b5 elementor-widget__width-initial elementor-widget elementor-widget-counter\" data-id=\"16f04b5\" data-element_type=\"widget\" data-widget_type=\"counter.default\">\n\t\t\t\t<div class=\"elementor-widget-container\">\n\t\t\t\t\t\t\t<div class=\"elementor-counter\">\n\t\t\t\t\t\t<div class=\"elementor-counter-number-wrapper\">\n\t\t\t\t<span class=\"elementor-counter-number-prefix\">+<\/span>\n\t\t\t\t<span class=\"elementor-counter-number\" data-duration=\"2000\" data-to-value=\"7\" data-from-value=\"0\" data-delimiter=\",\">0<\/span>\n\t\t\t\t<span class=\"elementor-counter-number-suffix\"><\/span>\n\t\t\t<\/div>\n\t\t<\/div>\n\t\t\t\t\t\t<\/div>\n\t\t\t\t<\/div>\n\t\t\t\t<div class=\"elementor-element elementor-element-78cf3c8 elementor-widget elementor-widget-heading\" data-id=\"78cf3c8\" data-element_type=\"widget\" data-widget_type=\"heading.default\">\n\t\t\t\t<div class=\"elementor-widget-container\">\n\t\t\t\t\t<h4 class=\"elementor-heading-title elementor-size-default\">Restaurants<\/h4>\t\t\t\t<\/div>\n\t\t\t\t<\/div>\n\t\t\t\t<div class=\"elementor-element elementor-element-459f9c2 elementor-widget elementor-widget-text-editor\" data-id=\"459f9c2\" data-element_type=\"widget\" data-widget_type=\"text-editor.default\">\n\t\t\t\t<div class=\"elementor-widget-container\">\n\t\t\t\t\t\t\t\t\t<p>Nous s\u00e9lectionnons les meilleurs restaurants du pays.<\/p>\t\t\t\t\t\t\t\t<\/div>\n\t\t\t\t<\/div>\n\t\t\t\t<\/div>\n\t\t<div class=\"elementor-element elementor-element-dbe22b2 e-con-full e-flex e-con e-child\" data-id=\"dbe22b2\" data-element_type=\"container\">\n\t\t\t\t<div class=\"elementor-element elementor-element-e6e6274 elementor-widget__width-initial elementor-widget elementor-widget-counter\" data-id=\"e6e6274\" data-element_type=\"widget\" data-widget_type=\"counter.default\">\n\t\t\t\t<div class=\"elementor-widget-container\">\n\t\t\t\t\t\t\t<div class=\"elementor-counter\">\n\t\t\t\t\t\t<div class=\"elementor-counter-number-wrapper\">\n\t\t\t\t<span class=\"elementor-counter-number-prefix\"><\/span>\n\t\t\t\t<span class=\"elementor-counter-number\" data-duration=\"2000\" data-to-value=\"3\" data-from-value=\"0\" data-delimiter=\",\">0<\/span>\n\t\t\t\t<span class=\"elementor-counter-number-suffix\"><\/span>\n\t\t\t<\/div>\n\t\t<\/div>\n\t\t\t\t\t\t<\/div>\n\t\t\t\t<\/div>\n\t\t\t\t<div class=\"elementor-element elementor-element-8150bb3 elementor-widget elementor-widget-heading\" data-id=\"8150bb3\" data-element_type=\"widget\" data-widget_type=\"heading.default\">\n\t\t\t\t<div class=\"elementor-widget-container\">\n\t\t\t\t\t<h4 class=\"elementor-heading-title elementor-size-default\">Villes Du pays<\/h4>\t\t\t\t<\/div>\n\t\t\t\t<\/div>\n\t\t\t\t<div class=\"elementor-element elementor-element-11ea38e elementor-widget elementor-widget-text-editor\" data-id=\"11ea38e\" data-element_type=\"widget\" data-widget_type=\"text-editor.default\">\n\t\t\t\t<div class=\"elementor-widget-container\">\n\t\t\t\t\t\t\t\t\t<p>Nos restaurants sont pr\u00e9sents dans plusieurs villes diff\u00e9rentes \u00e0 travers le pays.<\/p>\t\t\t\t\t\t\t\t<\/div>\n\t\t\t\t<\/div>\n\t\t\t\t<\/div>\n\t\t\t\t\t<\/div>\n\t\t\t\t<\/div>\n\t\t<div class=\"elementor-element elementor-element-bf91097 e-flex e-con-boxed e-con e-parent\" data-id=\"bf91097\" data-element_type=\"container\">\n\t\t\t\t\t<div class=\"e-con-inner\">\n\t\t<div class=\"elementor-element elementor-element-3d6bf80 e-con-full e-flex e-con e-child\" data-id=\"3d6bf80\" data-element_type=\"container\" data-settings=\"{&quot;background_background&quot;:&quot;classic&quot;}\">\n\t\t\t\t<div class=\"elementor-element elementor-element-abd7101 elementor-widget__width-initial elementor-widget elementor-widget-text-editor\" data-id=\"abd7101\" data-element_type=\"widget\" data-widget_type=\"text-editor.default\">\n\t\t\t\t<div class=\"elementor-widget-container\">\n\t\t\t\t\t\t\t\t\t<p><strong data-start=\"211\" data-end=\"242\">Bienvenue sur <\/strong>Restaurant Koutonou, <strong>votre guide gourmand pour d\u00e9couvrir les meilleurs restaurants autour de vous.<\/strong><\/p>\t\t\t\t\t\t\t\t<\/div>\n\t\t\t\t<\/div>\n\t\t\t\t<\/div>\n\t\t\t\t\t<\/div>\n\t\t\t\t<\/div>\n\t\t<div class=\"elementor-element elementor-element-c664c85 e-flex e-con-boxed e-con e-parent\" data-id=\"c664c85\" data-element_type=\"container\">\n\t\t\t\t\t<div class=\"e-con-inner\">\n\t\t<div class=\"elementor-element elementor-element-4abdff6 e-con-full e-flex e-con e-child\" data-id=\"4abdff6\" data-element_type=\"container\">\n\t\t\t\t<div class=\"elementor-element elementor-element-2ca899e elementor-widget elementor-widget-text-editor\" data-id=\"2ca899e\" data-element_type=\"widget\" data-widget_type=\"text-editor.default\">\n\t\t\t\t<div class=\"elementor-widget-container\">\n\t\t\t\t\t\t\t\t\t<h2 class=\"\" data-start=\"273\" data-end=\"298\">\u00c0 propos de Koutonou<\/h2><p class=\"\" data-start=\"299\" data-end=\"356\"><strong data-start=\"299\" data-end=\"356\">Plus de 10 ans de passion culinaire et d\u2019authenticit\u00e9<\/strong><\/p><h3 class=\"\" data-start=\"358\" data-end=\"398\">Une histoire de c\u0153ur et de saveurs<\/h3><p class=\"\" data-start=\"323\" data-end=\"714\">Notre mission ? Vous connecter aux \u00e9tablissements culinaires les plus savoureux, authentiques et accueillants, que ce soit pour un d\u00eener romantique, un repas entre amis ou un d\u00e9jeuner d&#8217;affaires. Sur notre plateforme, vous pouvez explorer <strong data-start=\"562\" data-end=\"600\">des dizaines de restaurants vari\u00e9s<\/strong>, consulter leurs <strong data-start=\"618\" data-end=\"637\">menus d\u00e9taill\u00e9s<\/strong>, <strong data-start=\"639\" data-end=\"668\">voir les photos des plats<\/strong>, et <strong data-start=\"673\" data-end=\"713\">r\u00e9server une table en quelques clics<\/strong>.<\/p><p class=\"\" data-start=\"716\" data-end=\"969\">Qu\u2019il s\u2019agisse de <strong data-start=\"734\" data-end=\"760\">cuisine traditionnelle<\/strong>, de <strong data-start=\"765\" data-end=\"784\">sushis japonais<\/strong>, de <strong data-start=\"789\" data-end=\"813\">grillades africaines<\/strong>, de <strong data-start=\"818\" data-end=\"836\">plats italiens<\/strong> ou de <strong data-start=\"843\" data-end=\"865\">glaces artisanales<\/strong>, nous mettons \u00e0 votre disposition une large s\u00e9lection de restaurants pour satisfaire toutes vos envies.<\/p><p class=\"\" data-start=\"971\" data-end=\"1273\">Notre objectif est simple : <strong data-start=\"999\" data-end=\"1076\">vous faire gagner du temps, tout en vous aidant \u00e0 faire le meilleur choix<\/strong>. Gr\u00e2ce \u00e0 des informations compl\u00e8tes, des menus mis \u00e0 jour, des horaires d\u2019ouverture clairs, et une fonctionnalit\u00e9 de r\u00e9servation int\u00e9gr\u00e9e, vous \u00eates toujours \u00e0 quelques clics d\u2019un excellent repas.<\/p><p>\u00a0<\/p><h3 class=\"\" data-start=\"1055\" data-end=\"1098\">Une cuisine qui a du go\u00fbt\u2026 et du c\u0153ur<\/h3><p class=\"\" data-start=\"1099\" data-end=\"1312\">Chez <strong data-start=\"1104\" data-end=\"1116\">Koutonou<\/strong>, nous ne s\u00e9lectionnons que les restaurants qui font de la bonne cuisine. C\u2019est pourquoi nous s\u00e9lectionnons chaque restaurant avec soin, en privil\u00e9giant ce qui pr\u00e9f\u00e8rent la qualit\u00e9, la fra\u00eecheur, et les saveurs locales.<\/p><hr class=\"\" data-start=\"1593\" data-end=\"1596\" \/><h3 class=\"\" data-start=\"1598\" data-end=\"1642\">Une ambiance conviviale et chaleureuse<\/h3><p class=\"\" data-start=\"1643\" data-end=\"1950\">L\u2019accueil fait partie int\u00e9grante de notre identit\u00e9. Chez <strong data-start=\"1700\" data-end=\"1712\">Koutonou<\/strong>, on ne vient pas seulement pour bien manger, mais aussi pour se sentir bien. Que vous veniez en famille, entre amis, en couple ou m\u00eame en solo, vous trouverez ici un cadre chaleureux, un service attentif et une \u00e9quipe toujours souriante.<\/p><p class=\"\" data-start=\"1952\" data-end=\"2176\">Notre salle, d\u00e9cor\u00e9e avec go\u00fbt et simplicit\u00e9, vous transporte d\u00e8s les premi\u00e8res secondes. Et si vous pr\u00e9f\u00e9rez manger chez vous, notre service de plats \u00e0 emporter ou de livraison vous garantit la m\u00eame qualit\u00e9, sans compromis.<\/p><hr class=\"\" data-start=\"2178\" data-end=\"2181\" \/><h3 class=\"\" data-start=\"2183\" data-end=\"2207\">Un outil au service des gourmets et des restaurateurs<\/h3><p class=\"\" data-start=\"2208\" data-end=\"2528\">Nous aidons aussi les restaurateurs \u00e0 <strong data-start=\"1765\" data-end=\"1789\">gagner en visibilit\u00e9<\/strong> en leur offrant une vitrine moderne et dynamique. Si vous \u00eates un professionnel de la restauration, contactez-nous pour <strong data-start=\"1910\" data-end=\"1936\">rejoindre notre r\u00e9seau<\/strong> !<\/p><hr class=\"\" data-start=\"2530\" data-end=\"2533\" \/><h3 class=\"\" data-start=\"2535\" data-end=\"2566\">Merci pour votre fid\u00e9lit\u00e9<\/h3><p class=\"\" data-start=\"2567\" data-end=\"2756\">Depuis plus de 10 ans, <strong data-start=\"2590\" data-end=\"2602\">Koutonou<\/strong> vit gr\u00e2ce \u00e0 vous : nos clients, nos partenaires, nos amis. Votre fid\u00e9lit\u00e9, vos encouragements, et vos retours nous poussent \u00e0 nous surpasser chaque jour.<\/p><p class=\"\" data-start=\"2758\" data-end=\"2866\">Nous sommes honor\u00e9s d\u2019avoir grandi \u00e0 vos c\u00f4t\u00e9s, et nous esp\u00e9rons continuer \u00e0 vous r\u00e9galer encore longtemps !<\/p><hr class=\"\" data-start=\"2868\" data-end=\"2871\" \/><blockquote data-start=\"2873\" data-end=\"2955\"><p class=\"\" data-start=\"2875\" data-end=\"2955\"><strong data-start=\"2875\" data-end=\"2955\">Venez vivre l\u2019exp\u00e9rience Koutonou \u2013 l\u00e0 o\u00f9 la tradition rencontre la passion.<\/strong><\/p><\/blockquote>\t\t\t\t\t\t\t\t<\/div>\n\t\t\t\t<\/div>\n\t\t\t\t<\/div>\n\t\t\t\t\t<\/div>\n\t\t\t\t<\/div>\n\t\t\t\t<\/div>\n\t\t","protected":false},"excerpt":{"rendered":"<p>A propos de nous Venez d\u00e9couvrir un peu plus sur notre restaurant et notre fantastique \u00e9quipe. 0 Ans d&#8217;exp\u00e9riences Fond\u00e9 il y a quelques ann\u00e9es. Restaurant Koutonou a \u00e9t\u00e9 fond\u00e9 pour rassembler \u00e0 un endroit les meilleurs restaurants du pays. + 0 Restaurants Nous s\u00e9lectionnons les meilleurs restaurants du pays. 0 Villes Du pays Nos [&hellip;]<\/p>\n","protected":false},"author":1,"featured_media":0,"parent":0,"menu_order":0,"comment_status":"closed","ping_status":"closed","template":"elementor_header_footer","meta":{"_acf_changed":false,"footnotes":""},"class_list":["post-2508","page","type-page","status-publish","hentry"],"acf":[],"aioseo_notices":[],"jetpack_sharing_enabled":true,"_links":{"self":[{"href":"https:\/\/restaurants.koutonou.net\/index.php\/wp-json\/wp\/v2\/pages\/2508","targetHints":{"allow":["GET"]}}],"collection":[{"href":"https:\/\/restaurants.koutonou.net\/index.php\/wp-json\/wp\/v2\/pages"}],"about":[{"href":"https:\/\/restaurants.koutonou.net\/index.php\/wp-json\/wp\/v2\/types\/page"}],"author":[{"embeddable":true,"href":"https:\/\/restaurants.koutonou.net\/index.php\/wp-json\/wp\/v2\/users\/1"}],"replies":[{"embeddable":true,"href":"https:\/\/restaurants.koutonou.net\/index.php\/wp-json\/wp\/v2\/comments?post=2508"}],"version-history":[{"count":16,"href":"https:\/\/restaurants.koutonou.net\/index.php\/wp-json\/wp\/v2\/pages\/2508\/revisions"}],"predecessor-version":[{"id":3248,"href":"https:\/\/restaurants.koutonou.net\/index.php\/wp-json\/wp\/v2\/pages\/2508\/revisions\/3248"}],"wp:attachment":[{"href":"https:\/\/restaurants.koutonou.net\/index.php\/wp-json\/wp\/v2\/media?parent=2508"}],"curies":[{"name":"wp","href":"https:\/\/api.w.org\/{rel}","templated":true}]}}