{"id":2506,"date":"2025-04-12T13:41:57","date_gmt":"2021-02-26T11:05:31","guid":{"rendered":""},"modified":"2025-05-02T11:48:26","modified_gmt":"2025-05-02T09:48:26","slug":"testimonials","status":"publish","type":"page","link":"https:\/\/restaurants.koutonou.net\/index.php\/testimonials\/","title":{"rendered":"T\u00e9moignages"},"content":{"rendered":"\t\t<div data-elementor-type=\"wp-page\" data-elementor-id=\"2506\" class=\"elementor elementor-2506\">\n\t\t\t\t<div class=\"elementor-element elementor-element-a91dda7 e-con-full e-flex e-con e-parent\" data-id=\"a91dda7\" data-element_type=\"container\" data-settings=\"{&quot;background_background&quot;:&quot;classic&quot;}\">\n\t\t<div class=\"elementor-element elementor-element-9ec5443 e-con-full e-flex e-con e-child\" data-id=\"9ec5443\" data-element_type=\"container\">\n\t\t\t\t<div class=\"elementor-element elementor-element-14f4dc5 elementor-invisible elementor-widget elementor-widget-text-editor\" data-id=\"14f4dc5\" data-element_type=\"widget\" data-settings=\"{&quot;_animation&quot;:&quot;slideInUp&quot;,&quot;_animation_delay&quot;:200}\" data-widget_type=\"text-editor.default\">\n\t\t\t\t<div class=\"elementor-widget-container\">\n\t\t\t\t\t\t\t\t\t<p>T\u00e9moignages<\/p>\t\t\t\t\t\t\t\t<\/div>\n\t\t\t\t<\/div>\n\t\t\t\t<div class=\"elementor-element elementor-element-a98c960 elementor-widget elementor-widget-text-editor\" data-id=\"a98c960\" data-element_type=\"widget\" data-widget_type=\"text-editor.default\">\n\t\t\t\t<div class=\"elementor-widget-container\">\n\t\t\t\t\t\t\t\t\t<p>Venez d\u00e9couvrir ce que dises nos fabuleux clients sur nous.<\/p>\t\t\t\t\t\t\t\t<\/div>\n\t\t\t\t<\/div>\n\t\t\t\t<\/div>\n\t\t\t\t<\/div>\n\t\t<div class=\"elementor-element elementor-element-ae29503 e-flex e-con-boxed e-con e-parent\" data-id=\"ae29503\" data-element_type=\"container\">\n\t\t\t\t\t<div class=\"e-con-inner\">\n\t\t<div class=\"elementor-element elementor-element-847778b e-con-full e-flex e-con e-child\" data-id=\"847778b\" data-element_type=\"container\">\n\t\t\t\t<div class=\"elementor-element elementor-element-52c77e5 elementor-invisible elementor-widget elementor-widget-text-editor\" data-id=\"52c77e5\" data-element_type=\"widget\" data-settings=\"{&quot;_animation&quot;:&quot;slideInUp&quot;,&quot;_animation_delay&quot;:200}\" data-widget_type=\"text-editor.default\">\n\t\t\t\t<div class=\"elementor-widget-container\">\n\t\t\t\t\t\t\t\t\t<p>Ce qu&#8217;ils disent de nous.<\/p>\t\t\t\t\t\t\t\t<\/div>\n\t\t\t\t<\/div>\n\t\t\t\t<\/div>\n\t\t\t\t\t<\/div>\n\t\t\t\t<\/div>\n\t\t<div class=\"elementor-element elementor-element-074b9d8 e-flex e-con-boxed e-con e-parent\" data-id=\"074b9d8\" data-element_type=\"container\">\n\t\t\t\t\t<div class=\"e-con-inner\">\n\t\t<div class=\"elementor-element elementor-element-4e65fd1 e-con-full e-flex e-con e-child\" data-id=\"4e65fd1\" data-element_type=\"container\">\n\t\t\t\t<div class=\"elementor-element elementor-element-48b5296 elementor-widget elementor-widget-text-editor\" data-id=\"48b5296\" data-element_type=\"widget\" data-widget_type=\"text-editor.default\">\n\t\t\t\t<div class=\"elementor-widget-container\">\n\t\t\t\t\t\t\t\t\t<hr class=\"\" data-start=\"2868\" data-end=\"2871\" \/><blockquote data-start=\"2873\" data-end=\"2955\"><p class=\"\" data-start=\"2875\" data-end=\"2955\">\u201cDepuis que nous sommes pr\u00e9sents sur Koutonou, nous recevons <strong data-start=\"330\" data-end=\"363\">beaucoup plus de r\u00e9servations<\/strong>, surtout en soir\u00e9e. La plateforme est claire, facile \u00e0 utiliser et met vraiment en valeur notre menu. Une vraie vitrine num\u00e9rique pour les restaurateurs locaux !\u201d<br data-start=\"605\" data-end=\"608\" \/>\u2014 <strong data-start=\"610\" data-end=\"625\">Amandine A.<\/strong>, CEO Chez Agn\u00e8s<\/p><\/blockquote>\t\t\t\t\t\t\t\t<\/div>\n\t\t\t\t<\/div>\n\t\t\t\t<\/div>\n\t\t<div class=\"elementor-element elementor-element-094aaae e-con-full e-flex e-con e-child\" data-id=\"094aaae\" data-element_type=\"container\">\n\t\t\t\t<div class=\"elementor-element elementor-element-e3a3546 elementor-widget elementor-widget-image\" data-id=\"e3a3546\" data-element_type=\"widget\" data-widget_type=\"image.default\">\n\t\t\t\t<div class=\"elementor-widget-container\">\n\t\t\t\t\t\t\t\t\t\t\t\t\t\t\t<img fetchpriority=\"high\" decoding=\"async\" width=\"1024\" height=\"819\" src=\"https:\/\/restaurants.koutonou.net\/wp-content\/uploads\/2025\/04\/african-teenage-girl-portrait-happy-smiling-face-1024x819.jpg\" class=\"attachment-large size-large wp-image-2884\" alt=\"fille noir\" srcset=\"https:\/\/restaurants.koutonou.net\/wp-content\/uploads\/2025\/04\/african-teenage-girl-portrait-happy-smiling-face-1024x819.jpg 1024w, https:\/\/restaurants.koutonou.net\/wp-content\/uploads\/2025\/04\/african-teenage-girl-portrait-happy-smiling-face-600x480.jpg 600w, https:\/\/restaurants.koutonou.net\/wp-content\/uploads\/2025\/04\/african-teenage-girl-portrait-happy-smiling-face-300x240.jpg 300w, https:\/\/restaurants.koutonou.net\/wp-content\/uploads\/2025\/04\/african-teenage-girl-portrait-happy-smiling-face-768x614.jpg 768w, https:\/\/restaurants.koutonou.net\/wp-content\/uploads\/2025\/04\/african-teenage-girl-portrait-happy-smiling-face-1536x1228.jpg 1536w, https:\/\/restaurants.koutonou.net\/wp-content\/uploads\/2025\/04\/african-teenage-girl-portrait-happy-smiling-face-2048x1638.jpg 2048w, https:\/\/restaurants.koutonou.net\/wp-content\/uploads\/2025\/04\/african-teenage-girl-portrait-happy-smiling-face-1320x1056.jpg 1320w\" sizes=\"(max-width: 1024px) 100vw, 1024px\" \/>\t\t\t\t\t\t\t\t\t\t\t\t\t\t\t<\/div>\n\t\t\t\t<\/div>\n\t\t\t\t<\/div>\n\t\t<div class=\"elementor-element elementor-element-5106c30 e-con-full e-flex e-con e-child\" data-id=\"5106c30\" data-element_type=\"container\">\n\t\t\t\t<div class=\"elementor-element elementor-element-16a7b11 elementor-widget elementor-widget-image\" data-id=\"16a7b11\" data-element_type=\"widget\" data-widget_type=\"image.default\">\n\t\t\t\t<div class=\"elementor-widget-container\">\n\t\t\t\t\t\t\t\t\t\t\t\t\t\t\t<img decoding=\"async\" width=\"1024\" height=\"683\" src=\"https:\/\/restaurants.koutonou.net\/wp-content\/uploads\/2025\/04\/16124-1024x683.jpg\" class=\"attachment-large size-large wp-image-2883\" alt=\"deuxi\u00e8me homme noir\" srcset=\"https:\/\/restaurants.koutonou.net\/wp-content\/uploads\/2025\/04\/16124-1024x683.jpg 1024w, https:\/\/restaurants.koutonou.net\/wp-content\/uploads\/2025\/04\/16124-600x400.jpg 600w, https:\/\/restaurants.koutonou.net\/wp-content\/uploads\/2025\/04\/16124-300x200.jpg 300w, https:\/\/restaurants.koutonou.net\/wp-content\/uploads\/2025\/04\/16124-768x512.jpg 768w, https:\/\/restaurants.koutonou.net\/wp-content\/uploads\/2025\/04\/16124-1320x880.jpg 1320w, https:\/\/restaurants.koutonou.net\/wp-content\/uploads\/2025\/04\/16124.jpg 1500w\" sizes=\"(max-width: 1024px) 100vw, 1024px\" \/>\t\t\t\t\t\t\t\t\t\t\t\t\t\t\t<\/div>\n\t\t\t\t<\/div>\n\t\t\t\t<\/div>\n\t\t<div class=\"elementor-element elementor-element-f5bba87 e-con-full e-flex e-con e-child\" data-id=\"f5bba87\" data-element_type=\"container\">\n\t\t\t\t<div class=\"elementor-element elementor-element-8a12564 elementor-widget elementor-widget-text-editor\" data-id=\"8a12564\" data-element_type=\"widget\" data-widget_type=\"text-editor.default\">\n\t\t\t\t<div class=\"elementor-widget-container\">\n\t\t\t\t\t\t\t\t\t<hr class=\"\" data-start=\"2868\" data-end=\"2871\" \/><blockquote data-start=\"2873\" data-end=\"2955\"><p class=\"\" data-start=\"2875\" data-end=\"2955\">&#8220;J\u2019organise souvent des d\u00eeners d\u2019affaires, et ce site m\u2019a sauv\u00e9 la vie plus d\u2019une fois. Je peux r\u00e9server des tables \u00e0 l\u2019avance, selon le cadre souhait\u00e9 et les sp\u00e9cialit\u00e9s. <strong data-start=\"1577\" data-end=\"1601\">Service tr\u00e8s fiable.&#8221;<\/strong><br data-start=\"867\" data-end=\"870\" \/>\u2014 <strong data-start=\"872\" data-end=\"885\">Julien M.<\/strong>, client r\u00e9gulier<\/p><\/blockquote>\t\t\t\t\t\t\t\t<\/div>\n\t\t\t\t<\/div>\n\t\t\t\t<\/div>\n\t\t\t\t\t<\/div>\n\t\t\t\t<\/div>\n\t\t<div class=\"elementor-element elementor-element-175eeed e-flex e-con-boxed e-con e-parent\" data-id=\"175eeed\" data-element_type=\"container\">\n\t\t\t\t\t<div class=\"e-con-inner\">\n\t\t<div class=\"elementor-element elementor-element-e54dbac e-con-full e-flex e-con e-child\" data-id=\"e54dbac\" data-element_type=\"container\">\n\t\t\t\t<div class=\"elementor-element elementor-element-74c3870 elementor-widget elementor-widget-text-editor\" data-id=\"74c3870\" data-element_type=\"widget\" data-widget_type=\"text-editor.default\">\n\t\t\t\t<div class=\"elementor-widget-container\">\n\t\t\t\t\t\t\t\t\t<hr class=\"\" data-start=\"2868\" data-end=\"2871\" \/><blockquote data-start=\"2873\" data-end=\"2955\"><p class=\"\" data-start=\"2875\" data-end=\"2955\">\u201cC\u2019est devenu mon r\u00e9flexe quand je veux sortir manger ! Je compare les menus, lis les avis, et r\u00e9serve <strong data-start=\"971\" data-end=\"997\">en deux minutes chrono<\/strong>. En plus, j\u2019ai d\u00e9couvert plein de bons restos que je ne connaissais pas.\u201d<br data-start=\"1120\" data-end=\"1123\" \/>\u2014 <strong data-start=\"1125\" data-end=\"1137\">Fatou B.<\/strong>, cliente fid\u00e8le<\/p><\/blockquote>\t\t\t\t\t\t\t\t<\/div>\n\t\t\t\t<\/div>\n\t\t\t\t<\/div>\n\t\t<div class=\"elementor-element elementor-element-831c5cb e-con-full e-flex e-con e-child\" data-id=\"831c5cb\" data-element_type=\"container\">\n\t\t\t\t<div class=\"elementor-element elementor-element-8ad2b03 elementor-widget elementor-widget-image\" data-id=\"8ad2b03\" data-element_type=\"widget\" data-widget_type=\"image.default\">\n\t\t\t\t<div class=\"elementor-widget-container\">\n\t\t\t\t\t\t\t\t\t\t\t\t\t\t\t<img decoding=\"async\" width=\"1024\" height=\"683\" src=\"https:\/\/restaurants.koutonou.net\/wp-content\/uploads\/2025\/04\/michael-gordon-MNRziNj4ePY-unsplash-1024x683.jpg\" class=\"attachment-large size-large wp-image-2885\" alt=\"femme noir\" srcset=\"https:\/\/restaurants.koutonou.net\/wp-content\/uploads\/2025\/04\/michael-gordon-MNRziNj4ePY-unsplash-1024x683.jpg 1024w, https:\/\/restaurants.koutonou.net\/wp-content\/uploads\/2025\/04\/michael-gordon-MNRziNj4ePY-unsplash-scaled-600x400.jpg 600w, https:\/\/restaurants.koutonou.net\/wp-content\/uploads\/2025\/04\/michael-gordon-MNRziNj4ePY-unsplash-300x200.jpg 300w, https:\/\/restaurants.koutonou.net\/wp-content\/uploads\/2025\/04\/michael-gordon-MNRziNj4ePY-unsplash-768x512.jpg 768w, https:\/\/restaurants.koutonou.net\/wp-content\/uploads\/2025\/04\/michael-gordon-MNRziNj4ePY-unsplash-1536x1024.jpg 1536w, https:\/\/restaurants.koutonou.net\/wp-content\/uploads\/2025\/04\/michael-gordon-MNRziNj4ePY-unsplash-2048x1365.jpg 2048w, https:\/\/restaurants.koutonou.net\/wp-content\/uploads\/2025\/04\/michael-gordon-MNRziNj4ePY-unsplash-1320x880.jpg 1320w\" sizes=\"(max-width: 1024px) 100vw, 1024px\" \/>\t\t\t\t\t\t\t\t\t\t\t\t\t\t\t<\/div>\n\t\t\t\t<\/div>\n\t\t\t\t<\/div>\n\t\t<div class=\"elementor-element elementor-element-340df7b e-con-full e-flex e-con e-child\" data-id=\"340df7b\" data-element_type=\"container\">\n\t\t\t\t<div class=\"elementor-element elementor-element-60ac9c2 elementor-widget elementor-widget-image\" data-id=\"60ac9c2\" data-element_type=\"widget\" data-widget_type=\"image.default\">\n\t\t\t\t<div class=\"elementor-widget-container\">\n\t\t\t\t\t\t\t\t\t\t\t\t\t\t\t<img loading=\"lazy\" decoding=\"async\" width=\"1000\" height=\"667\" src=\"https:\/\/restaurants.koutonou.net\/wp-content\/uploads\/2025\/04\/5068.jpg\" class=\"attachment-large size-large wp-image-2881\" alt=\"homme noir\" srcset=\"https:\/\/restaurants.koutonou.net\/wp-content\/uploads\/2025\/04\/5068.jpg 1000w, https:\/\/restaurants.koutonou.net\/wp-content\/uploads\/2025\/04\/5068-600x400.jpg 600w, https:\/\/restaurants.koutonou.net\/wp-content\/uploads\/2025\/04\/5068-300x200.jpg 300w, https:\/\/restaurants.koutonou.net\/wp-content\/uploads\/2025\/04\/5068-768x512.jpg 768w\" sizes=\"(max-width: 1000px) 100vw, 1000px\" \/>\t\t\t\t\t\t\t\t\t\t\t\t\t\t\t<\/div>\n\t\t\t\t<\/div>\n\t\t\t\t<\/div>\n\t\t<div class=\"elementor-element elementor-element-fccf519 e-con-full e-flex e-con e-child\" data-id=\"fccf519\" data-element_type=\"container\">\n\t\t\t\t<div class=\"elementor-element elementor-element-36aef49 elementor-widget elementor-widget-text-editor\" data-id=\"36aef49\" data-element_type=\"widget\" data-widget_type=\"text-editor.default\">\n\t\t\t\t<div class=\"elementor-widget-container\">\n\t\t\t\t\t\t\t\t\t<hr class=\"\" data-start=\"2868\" data-end=\"2871\" \/><blockquote data-start=\"2873\" data-end=\"2955\"><p class=\"\" data-start=\"2875\" data-end=\"2955\">\u201cGr\u00e2ce \u00e0 Koutonou, nos clients peuvent consulter notre <strong data-start=\"648\" data-end=\"673\">menu complet en ligne<\/strong>, avec photos et descriptions. Cela facilite leur choix, et la <strong data-start=\"736\" data-end=\"775\">fonction de r\u00e9servation automatique<\/strong> nous fait gagner un temps pr\u00e9cieux.\u201d<br data-start=\"1386\" data-end=\"1389\" \/>\u2014 <strong data-start=\"1391\" data-end=\"1415\">Serge K. <\/strong>, CE0 0&#8217;Sushi<\/p><\/blockquote>\t\t\t\t\t\t\t\t<\/div>\n\t\t\t\t<\/div>\n\t\t\t\t<\/div>\n\t\t\t\t\t<\/div>\n\t\t\t\t<\/div>\n\t\t<div class=\"elementor-element elementor-element-f50a627 e-flex e-con-boxed e-con e-parent\" data-id=\"f50a627\" data-element_type=\"container\">\n\t\t\t\t\t<div class=\"e-con-inner\">\n\t\t<div class=\"elementor-element elementor-element-143a3bc e-con-full e-flex e-con e-child\" data-id=\"143a3bc\" data-element_type=\"container\">\n\t\t\t\t<div class=\"elementor-element elementor-element-dc167be elementor-widget elementor-widget-text-editor\" data-id=\"dc167be\" data-element_type=\"widget\" data-widget_type=\"text-editor.default\">\n\t\t\t\t<div class=\"elementor-widget-container\">\n\t\t\t\t\t\t\t\t\t<hr class=\"\" data-start=\"2868\" data-end=\"2871\" \/><blockquote data-start=\"2873\" data-end=\"2955\"><p class=\"\" data-start=\"2875\" data-end=\"2955\">\u201cNous avons remarqu\u00e9 une <strong data-start=\"1173\" data-end=\"1209\">augmentation de la fr\u00e9quentation<\/strong> en semaine depuis notre inscription sur Koutonou. Les familles consultent notre carte en ligne et viennent plus facilement apr\u00e8s.\u201d<br data-start=\"1645\" data-end=\"1648\" \/>\u2014 <strong data-start=\"1650\" data-end=\"1661\">Marie T.<\/strong>, DG Frozen paradise<\/p><\/blockquote>\t\t\t\t\t\t\t\t<\/div>\n\t\t\t\t<\/div>\n\t\t\t\t<\/div>\n\t\t<div class=\"elementor-element elementor-element-5ea967e e-con-full e-flex e-con e-child\" data-id=\"5ea967e\" data-element_type=\"container\">\n\t\t\t\t<div class=\"elementor-element elementor-element-4f29985 elementor-widget elementor-widget-image\" data-id=\"4f29985\" data-element_type=\"widget\" data-widget_type=\"image.default\">\n\t\t\t\t<div class=\"elementor-widget-container\">\n\t\t\t\t\t\t\t\t\t\t\t\t\t\t\t<img loading=\"lazy\" decoding=\"async\" width=\"300\" height=\"225\" src=\"https:\/\/restaurants.koutonou.net\/wp-content\/uploads\/2025\/04\/eye-for-ebony-aZzXKGcyWqk-unsplash1-300x225.jpg\" class=\"attachment-medium size-medium wp-image-2889\" alt=\"femme sourir\" srcset=\"https:\/\/restaurants.koutonou.net\/wp-content\/uploads\/2025\/04\/eye-for-ebony-aZzXKGcyWqk-unsplash1-300x225.jpg 300w, https:\/\/restaurants.koutonou.net\/wp-content\/uploads\/2025\/04\/eye-for-ebony-aZzXKGcyWqk-unsplash1-600x450.jpg 600w, https:\/\/restaurants.koutonou.net\/wp-content\/uploads\/2025\/04\/eye-for-ebony-aZzXKGcyWqk-unsplash1-1024x768.jpg 1024w, https:\/\/restaurants.koutonou.net\/wp-content\/uploads\/2025\/04\/eye-for-ebony-aZzXKGcyWqk-unsplash1-768x576.jpg 768w, https:\/\/restaurants.koutonou.net\/wp-content\/uploads\/2025\/04\/eye-for-ebony-aZzXKGcyWqk-unsplash1-1536x1152.jpg 1536w, https:\/\/restaurants.koutonou.net\/wp-content\/uploads\/2025\/04\/eye-for-ebony-aZzXKGcyWqk-unsplash1-1320x990.jpg 1320w, https:\/\/restaurants.koutonou.net\/wp-content\/uploads\/2025\/04\/eye-for-ebony-aZzXKGcyWqk-unsplash1.jpg 1920w\" sizes=\"(max-width: 300px) 100vw, 300px\" \/>\t\t\t\t\t\t\t\t\t\t\t\t\t\t\t<\/div>\n\t\t\t\t<\/div>\n\t\t\t\t<\/div>\n\t\t\t\t\t<\/div>\n\t\t\t\t<\/div>\n\t\t<div class=\"elementor-element elementor-element-e14d08a e-flex e-con-boxed e-con e-parent\" data-id=\"e14d08a\" data-element_type=\"container\">\n\t\t\t\t\t<div class=\"e-con-inner\">\n\t\t\t\t\t<\/div>\n\t\t\t\t<\/div>\n\t\t\t\t<\/div>\n\t\t","protected":false},"excerpt":{"rendered":"<p>T\u00e9moignages Venez d\u00e9couvrir ce que dises nos fabuleux clients sur nous. Ce qu&#8217;ils disent de nous. \u201cDepuis que nous sommes pr\u00e9sents sur Koutonou, nous recevons beaucoup plus de r\u00e9servations, surtout en soir\u00e9e. La plateforme est claire, facile \u00e0 utiliser et met vraiment en valeur notre menu. Une vraie vitrine num\u00e9rique pour les restaurateurs locaux !\u201d\u2014 [&hellip;]<\/p>\n","protected":false},"author":1,"featured_media":0,"parent":0,"menu_order":0,"comment_status":"closed","ping_status":"closed","template":"elementor_header_footer","meta":{"_acf_changed":false,"footnotes":""},"class_list":["post-2506","page","type-page","status-publish","hentry"],"acf":[],"aioseo_notices":[],"jetpack_sharing_enabled":true,"_links":{"self":[{"href":"https:\/\/restaurants.koutonou.net\/index.php\/wp-json\/wp\/v2\/pages\/2506","targetHints":{"allow":["GET"]}}],"collection":[{"href":"https:\/\/restaurants.koutonou.net\/index.php\/wp-json\/wp\/v2\/pages"}],"about":[{"href":"https:\/\/restaurants.koutonou.net\/index.php\/wp-json\/wp\/v2\/types\/page"}],"author":[{"embeddable":true,"href":"https:\/\/restaurants.koutonou.net\/index.php\/wp-json\/wp\/v2\/users\/1"}],"replies":[{"embeddable":true,"href":"https:\/\/restaurants.koutonou.net\/index.php\/wp-json\/wp\/v2\/comments?post=2506"}],"version-history":[{"count":26,"href":"https:\/\/restaurants.koutonou.net\/index.php\/wp-json\/wp\/v2\/pages\/2506\/revisions"}],"predecessor-version":[{"id":3227,"href":"https:\/\/restaurants.koutonou.net\/index.php\/wp-json\/wp\/v2\/pages\/2506\/revisions\/3227"}],"wp:attachment":[{"href":"https:\/\/restaurants.koutonou.net\/index.php\/wp-json\/wp\/v2\/media?parent=2506"}],"curies":[{"name":"wp","href":"https:\/\/api.w.org\/{rel}","templated":true}]}}